{"id":490,"date":"2023-02-27T18:36:06","date_gmt":"2023-02-27T18:36:06","guid":{"rendered":"https:\/\/www.entrearteycultura.es\/?page_id=490"},"modified":"2023-03-01T17:42:02","modified_gmt":"2023-03-01T17:42:02","slug":"inscripcion","status":"publish","type":"page","link":"https:\/\/www.entrearteycultura.es\/?page_id=490","title":{"rendered":"Inscripci\u00f3n"},"content":{"rendered":"\t\t<div data-elementor-type=\"wp-page\" data-elementor-id=\"490\" class=\"elementor elementor-490\">\n\t\t\t\t\t\t<section class=\"elementor-section elementor-top-section elementor-element elementor-element-c2a1818 elementor-section-boxed elementor-section-height-default elementor-section-height-default\" data-id=\"c2a1818\" data-element_type=\"section\" data-e-type=\"section\">\n\t\t\t\t\t\t<div class=\"elementor-container elementor-column-gap-default\">\n\t\t\t\t\t<div class=\"elementor-column elementor-col-100 elementor-top-column elementor-element elementor-element-ab809e6\" data-id=\"ab809e6\" data-element_type=\"column\" data-e-type=\"column\">\n\t\t\t<div class=\"elementor-widget-wrap elementor-element-populated\">\n\t\t\t\t\t\t<div class=\"elementor-element elementor-element-e6c8a6b elementor-widget elementor-widget-text-editor\" data-id=\"e6c8a6b\" data-element_type=\"widget\" data-e-type=\"widget\" data-widget_type=\"text-editor.default\">\n\t\t\t\t<div class=\"elementor-widget-container\">\n\t\t\t\t\t\t\t\t\t<div><strong><em>Solicitar inscripci\u00f3n en viajes, visitas y todas las actividades o pedir informaci\u00f3n e itinerarios enviando un correo a <a href=\"mailto:julieta@entrearteycultura.es\">julieta@entrearteycultura.es\u00a0 <\/a><\/em><\/strong><strong style=\"color: var(--font-color); font-family: var(--primary-font);\"><em>o <a href=\"mailto:maria@entrearteycultura.es\">maria@entrearteycultura.es<\/a><\/em><\/strong><\/div><div><strong><em> Tambi\u00e9n se puede cumplimentar el formulario incluido en la pesta\u00f1a de &#8220;Contacto&#8221;\u00a0<\/em><\/strong><\/div><div>\u00a0<\/div><div><span style=\"text-decoration: underline;\"><strong>PRECIO para las escapadas y viajes<\/strong><\/span>:<\/div><div>Cada escapada y viaje tiene un precio o cotizaci\u00f3n diferente seg\u00fan el itinerario, transporte y alojamiento (si lo hubiere).<\/div><div>Se enviar\u00e1 oportunamente por correo\u00a0 electr\u00f3nico cada uno de los mismos.<\/div><div>\u00a0<\/div><div><span style=\"text-decoration: underline;\"><strong>PRECIO para las visitas\/experiencias\/conferencias en Madrid<\/strong><\/span>:<\/div><div>Una \u00fanica visita: 30\u20ac.<\/div><div>\u00a0Ofrecemos bonos:\u00a0<\/div><div><div>\u2013 bono de 10 visitas + 2 gratis: 250\u20ac (que se puede compartir con otra persona)<\/div><div>\u2013 bonos de 5 visitas + 1 gratis: 150\u20ac\u00a0\u00a0<\/div><div>\u00a0<\/div><div>Con el bono se puede invitar a una o varias personas una primera vez. Para futuras ocasiones\u00a0 deber\u00e1 tener su propio bono.<\/div><div>Gastos\u00a0extras de actividades y entradas a los museos no incluidas<\/div><div>\u00a0<\/div><div>Solicitar datos para el pago por transferencia a\u00a0<a href=\"mailto:julieta@entrearteycultura.es\" target=\"_blank\" rel=\"noopener\">julieta@entrearteycultura.es<\/a><\/div><\/div>\t\t\t\t\t\t\t\t<\/div>\n\t\t\t\t<\/div>\n\t\t\t\t\t<\/div>\n\t\t<\/div>\n\t\t\t\t\t<\/div>\n\t\t<\/section>\n\t\t\t\t<\/div>\n\t\t","protected":false},"excerpt":{"rendered":"<p>Solicitar inscripci\u00f3n en viajes, visitas y todas las actividades o pedir informaci\u00f3n e itinerarios enviando un correo a julieta@entrearteycultura.es\u00a0 o maria@entrearteycultura.es Tambi\u00e9n se puede cumplimentar el formulario incluido en la pesta\u00f1a de &#8220;Contacto&#8221;\u00a0\u00a0PRECIO para las escapadas y viajes:Cada escapada y viaje tiene un precio o cotizaci\u00f3n diferente seg\u00fan el itinerario, transporte y alojamiento (si lo [&hellip;]<\/p>\n","protected":false},"author":1,"featured_media":0,"parent":0,"menu_order":0,"comment_status":"closed","ping_status":"closed","template":"","meta":{"footnotes":""},"class_list":["post-490","page","type-page","status-publish","hentry"],"yoast_head":"<!-- This site is optimized with the Yoast SEO plugin v27.5 - https:\/\/yoast.com\/product\/yoast-seo-wordpress\/ -->\n<title>Inscripci\u00f3n - Entre Arte y cultura<\/title>\n<meta name=\"robots\" content=\"index, follow, max-snippet:-1, max-image-preview:large, max-video-preview:-1\" \/>\n<link rel=\"canonical\" href=\"https:\/\/www.entrearteycultura.es\/?page_id=490\" \/>\n<meta property=\"og:locale\" content=\"en_US\" \/>\n<meta property=\"og:type\" content=\"article\" \/>\n<meta property=\"og:title\" content=\"Inscripci\u00f3n - Entre Arte y cultura\" \/>\n<meta property=\"og:description\" content=\"Solicitar inscripci\u00f3n en viajes, visitas y todas las actividades o pedir informaci\u00f3n e itinerarios enviando un correo a julieta@entrearteycultura.es\u00a0 o maria@entrearteycultura.es Tambi\u00e9n se puede cumplimentar el formulario incluido en la pesta\u00f1a de &#8220;Contacto&#8221;\u00a0\u00a0PRECIO para las escapadas y viajes:Cada escapada y viaje tiene un precio o cotizaci\u00f3n diferente seg\u00fan el itinerario, transporte y alojamiento (si lo [&hellip;]\" \/>\n<meta property=\"og:url\" content=\"https:\/\/www.entrearteycultura.es\/?page_id=490\" \/>\n<meta property=\"og:site_name\" content=\"Entre Arte y cultura\" \/>\n<meta property=\"article:modified_time\" content=\"2023-03-01T17:42:02+00:00\" \/>\n<meta name=\"twitter:card\" content=\"summary_large_image\" \/>\n<meta name=\"twitter:label1\" content=\"Est. reading time\" \/>\n\t<meta name=\"twitter:data1\" content=\"1 minute\" \/>\n<script type=\"application\/ld+json\" class=\"yoast-schema-graph\">{\"@context\":\"https:\\\/\\\/schema.org\",\"@graph\":[{\"@type\":\"WebPage\",\"@id\":\"https:\\\/\\\/www.entrearteycultura.es\\\/?page_id=490\",\"url\":\"https:\\\/\\\/www.entrearteycultura.es\\\/?page_id=490\",\"name\":\"Inscripci\u00f3n - Entre Arte y cultura\",\"isPartOf\":{\"@id\":\"https:\\\/\\\/www.entrearteycultura.es\\\/#website\"},\"datePublished\":\"2023-02-27T18:36:06+00:00\",\"dateModified\":\"2023-03-01T17:42:02+00:00\",\"breadcrumb\":{\"@id\":\"https:\\\/\\\/www.entrearteycultura.es\\\/?page_id=490#breadcrumb\"},\"inLanguage\":\"en-US\",\"potentialAction\":[{\"@type\":\"ReadAction\",\"target\":[\"https:\\\/\\\/www.entrearteycultura.es\\\/?page_id=490\"]}]},{\"@type\":\"BreadcrumbList\",\"@id\":\"https:\\\/\\\/www.entrearteycultura.es\\\/?page_id=490#breadcrumb\",\"itemListElement\":[{\"@type\":\"ListItem\",\"position\":1,\"name\":\"Portada\",\"item\":\"https:\\\/\\\/www.entrearteycultura.es\\\/\"},{\"@type\":\"ListItem\",\"position\":2,\"name\":\"Inscripci\u00f3n\"}]},{\"@type\":\"WebSite\",\"@id\":\"https:\\\/\\\/www.entrearteycultura.es\\\/#website\",\"url\":\"https:\\\/\\\/www.entrearteycultura.es\\\/\",\"name\":\"Entre Arte y cultura\",\"description\":\"Viajes, eventos cuturales, conferencias y tertulias\",\"potentialAction\":[{\"@type\":\"SearchAction\",\"target\":{\"@type\":\"EntryPoint\",\"urlTemplate\":\"https:\\\/\\\/www.entrearteycultura.es\\\/?s={search_term_string}\"},\"query-input\":{\"@type\":\"PropertyValueSpecification\",\"valueRequired\":true,\"valueName\":\"search_term_string\"}}],\"inLanguage\":\"en-US\"}]}<\/script>\n<!-- \/ Yoast SEO plugin. -->","yoast_head_json":{"title":"Inscripci\u00f3n - Entre Arte y cultura","robots":{"index":"index","follow":"follow","max-snippet":"max-snippet:-1","max-image-preview":"max-image-preview:large","max-video-preview":"max-video-preview:-1"},"canonical":"https:\/\/www.entrearteycultura.es\/?page_id=490","og_locale":"en_US","og_type":"article","og_title":"Inscripci\u00f3n - Entre Arte y cultura","og_description":"Solicitar inscripci\u00f3n en viajes, visitas y todas las actividades o pedir informaci\u00f3n e itinerarios enviando un correo a julieta@entrearteycultura.es\u00a0 o maria@entrearteycultura.es Tambi\u00e9n se puede cumplimentar el formulario incluido en la pesta\u00f1a de &#8220;Contacto&#8221;\u00a0\u00a0PRECIO para las escapadas y viajes:Cada escapada y viaje tiene un precio o cotizaci\u00f3n diferente seg\u00fan el itinerario, transporte y alojamiento (si lo [&hellip;]","og_url":"https:\/\/www.entrearteycultura.es\/?page_id=490","og_site_name":"Entre Arte y cultura","article_modified_time":"2023-03-01T17:42:02+00:00","twitter_card":"summary_large_image","twitter_misc":{"Est. reading time":"1 minute"},"schema":{"@context":"https:\/\/schema.org","@graph":[{"@type":"WebPage","@id":"https:\/\/www.entrearteycultura.es\/?page_id=490","url":"https:\/\/www.entrearteycultura.es\/?page_id=490","name":"Inscripci\u00f3n - Entre Arte y cultura","isPartOf":{"@id":"https:\/\/www.entrearteycultura.es\/#website"},"datePublished":"2023-02-27T18:36:06+00:00","dateModified":"2023-03-01T17:42:02+00:00","breadcrumb":{"@id":"https:\/\/www.entrearteycultura.es\/?page_id=490#breadcrumb"},"inLanguage":"en-US","potentialAction":[{"@type":"ReadAction","target":["https:\/\/www.entrearteycultura.es\/?page_id=490"]}]},{"@type":"BreadcrumbList","@id":"https:\/\/www.entrearteycultura.es\/?page_id=490#breadcrumb","itemListElement":[{"@type":"ListItem","position":1,"name":"Portada","item":"https:\/\/www.entrearteycultura.es\/"},{"@type":"ListItem","position":2,"name":"Inscripci\u00f3n"}]},{"@type":"WebSite","@id":"https:\/\/www.entrearteycultura.es\/#website","url":"https:\/\/www.entrearteycultura.es\/","name":"Entre Arte y cultura","description":"Viajes, eventos cuturales, conferencias y tertulias","potentialAction":[{"@type":"SearchAction","target":{"@type":"EntryPoint","urlTemplate":"https:\/\/www.entrearteycultura.es\/?s={search_term_string}"},"query-input":{"@type":"PropertyValueSpecification","valueRequired":true,"valueName":"search_term_string"}}],"inLanguage":"en-US"}]}},"_links":{"self":[{"href":"https:\/\/www.entrearteycultura.es\/index.php?rest_route=\/wp\/v2\/pages\/490","targetHints":{"allow":["GET"]}}],"collection":[{"href":"https:\/\/www.entrearteycultura.es\/index.php?rest_route=\/wp\/v2\/pages"}],"about":[{"href":"https:\/\/www.entrearteycultura.es\/index.php?rest_route=\/wp\/v2\/types\/page"}],"author":[{"embeddable":true,"href":"https:\/\/www.entrearteycultura.es\/index.php?rest_route=\/wp\/v2\/users\/1"}],"replies":[{"embeddable":true,"href":"https:\/\/www.entrearteycultura.es\/index.php?rest_route=%2Fwp%2Fv2%2Fcomments&post=490"}],"version-history":[{"count":29,"href":"https:\/\/www.entrearteycultura.es\/index.php?rest_route=\/wp\/v2\/pages\/490\/revisions"}],"predecessor-version":[{"id":558,"href":"https:\/\/www.entrearteycultura.es\/index.php?rest_route=\/wp\/v2\/pages\/490\/revisions\/558"}],"wp:attachment":[{"href":"https:\/\/www.entrearteycultura.es\/index.php?rest_route=%2Fwp%2Fv2%2Fmedia&parent=490"}],"curies":[{"name":"wp","href":"https:\/\/api.w.org\/{rel}","templated":true}]}}