{"id":2,"date":"2022-12-18T10:02:21","date_gmt":"2022-12-18T10:02:21","guid":{"rendered":"http:\/\/www.entrearteycultura.es\/?page_id=2"},"modified":"2023-01-09T13:42:17","modified_gmt":"2023-01-09T13:42:17","slug":"inicio","status":"publish","type":"page","link":"https:\/\/www.entrearteycultura.es\/","title":{"rendered":"Inicio"},"content":{"rendered":"\t\t<div data-elementor-type=\"wp-page\" data-elementor-id=\"2\" class=\"elementor elementor-2\">\n\t\t\t\t\t\t<section class=\"elementor-section elementor-top-section elementor-element elementor-element-6eaa799 elementor-section-boxed elementor-section-height-default elementor-section-height-default\" data-id=\"6eaa799\" data-element_type=\"section\" data-e-type=\"section\">\n\t\t\t\t\t\t<div class=\"elementor-container elementor-column-gap-default\">\n\t\t\t\t\t<div class=\"elementor-column elementor-col-50 elementor-top-column elementor-element elementor-element-4276332\" data-id=\"4276332\" data-element_type=\"column\" data-e-type=\"column\">\n\t\t\t<div class=\"elementor-widget-wrap elementor-element-populated\">\n\t\t\t\t\t\t<div class=\"elementor-element elementor-element-aeb15b0 elementor-widget elementor-widget-image\" data-id=\"aeb15b0\" data-element_type=\"widget\" data-e-type=\"widget\" data-widget_type=\"image.default\">\n\t\t\t\t<div class=\"elementor-widget-container\">\n\t\t\t\t\t\t\t\t\t\t\t\t\t\t\t\t<a href=\"http:\/\/www.entrearteycultura.es\/visitas\">\n\t\t\t\t\t\t\t<img fetchpriority=\"high\" decoding=\"async\" width=\"800\" height=\"567\" src=\"https:\/\/www.entrearteycultura.es\/wp-content\/uploads\/2023\/01\/3-1024x726.png\" class=\"attachment-large size-large wp-image-285\" alt=\"\" srcset=\"https:\/\/www.entrearteycultura.es\/wp-content\/uploads\/2023\/01\/3-1024x726.png 1024w, https:\/\/www.entrearteycultura.es\/wp-content\/uploads\/2023\/01\/3-300x213.png 300w, https:\/\/www.entrearteycultura.es\/wp-content\/uploads\/2023\/01\/3-768x545.png 768w, https:\/\/www.entrearteycultura.es\/wp-content\/uploads\/2023\/01\/3-1536x1090.png 1536w, https:\/\/www.entrearteycultura.es\/wp-content\/uploads\/2023\/01\/3-85x60.png 85w, https:\/\/www.entrearteycultura.es\/wp-content\/uploads\/2023\/01\/3.png 1748w\" sizes=\"(max-width: 800px) 100vw, 800px\" \/>\t\t\t\t\t\t\t\t<\/a>\n\t\t\t\t\t\t\t\t\t\t\t\t\t\t\t<\/div>\n\t\t\t\t<\/div>\n\t\t\t\t\t<\/div>\n\t\t<\/div>\n\t\t\t\t<div class=\"elementor-column elementor-col-50 elementor-top-column elementor-element elementor-element-69b258e\" data-id=\"69b258e\" data-element_type=\"column\" data-e-type=\"column\">\n\t\t\t<div class=\"elementor-widget-wrap elementor-element-populated\">\n\t\t\t\t\t\t<div class=\"elementor-element elementor-element-48941cd elementor-widget elementor-widget-image\" data-id=\"48941cd\" data-element_type=\"widget\" data-e-type=\"widget\" data-widget_type=\"image.default\">\n\t\t\t\t<div class=\"elementor-widget-container\">\n\t\t\t\t\t\t\t\t\t\t\t\t\t\t\t\t<a href=\"http:\/\/www.entrearteycultura.es\/experiencias\">\n\t\t\t\t\t\t\t<img decoding=\"async\" width=\"800\" height=\"567\" src=\"https:\/\/www.entrearteycultura.es\/wp-content\/uploads\/2023\/01\/VISITAS-3-1024x726.png\" class=\"attachment-large size-large wp-image-155\" alt=\"\" srcset=\"https:\/\/www.entrearteycultura.es\/wp-content\/uploads\/2023\/01\/VISITAS-3-1024x726.png 1024w, https:\/\/www.entrearteycultura.es\/wp-content\/uploads\/2023\/01\/VISITAS-3-300x213.png 300w, https:\/\/www.entrearteycultura.es\/wp-content\/uploads\/2023\/01\/VISITAS-3-768x545.png 768w, https:\/\/www.entrearteycultura.es\/wp-content\/uploads\/2023\/01\/VISITAS-3-1536x1090.png 1536w, https:\/\/www.entrearteycultura.es\/wp-content\/uploads\/2023\/01\/VISITAS-3-85x60.png 85w, https:\/\/www.entrearteycultura.es\/wp-content\/uploads\/2023\/01\/VISITAS-3.png 1748w\" sizes=\"(max-width: 800px) 100vw, 800px\" \/>\t\t\t\t\t\t\t\t<\/a>\n\t\t\t\t\t\t\t\t\t\t\t\t\t\t\t<\/div>\n\t\t\t\t<\/div>\n\t\t\t\t\t<\/div>\n\t\t<\/div>\n\t\t\t\t\t<\/div>\n\t\t<\/section>\n\t\t\t\t<section class=\"elementor-section elementor-top-section elementor-element elementor-element-956983d elementor-section-boxed elementor-section-height-default elementor-section-height-default\" data-id=\"956983d\" data-element_type=\"section\" data-e-type=\"section\">\n\t\t\t\t\t\t<div class=\"elementor-container elementor-column-gap-default\">\n\t\t\t\t\t<div class=\"elementor-column elementor-col-50 elementor-top-column elementor-element elementor-element-2c54de2\" data-id=\"2c54de2\" data-element_type=\"column\" data-e-type=\"column\">\n\t\t\t<div class=\"elementor-widget-wrap elementor-element-populated\">\n\t\t\t\t\t\t<div class=\"elementor-element elementor-element-87e8093 elementor-widget elementor-widget-image\" data-id=\"87e8093\" data-element_type=\"widget\" data-e-type=\"widget\" data-widget_type=\"image.default\">\n\t\t\t\t<div class=\"elementor-widget-container\">\n\t\t\t\t\t\t\t\t\t\t\t\t\t\t\t\t<a href=\"http:\/\/www.entrearteycultura.es\/escapadas\">\n\t\t\t\t\t\t\t<img decoding=\"async\" width=\"800\" height=\"567\" src=\"https:\/\/www.entrearteycultura.es\/wp-content\/uploads\/2023\/01\/4-2-1024x726.png\" class=\"attachment-large size-large wp-image-286\" alt=\"\" srcset=\"https:\/\/www.entrearteycultura.es\/wp-content\/uploads\/2023\/01\/4-2-1024x726.png 1024w, https:\/\/www.entrearteycultura.es\/wp-content\/uploads\/2023\/01\/4-2-300x213.png 300w, https:\/\/www.entrearteycultura.es\/wp-content\/uploads\/2023\/01\/4-2-768x545.png 768w, https:\/\/www.entrearteycultura.es\/wp-content\/uploads\/2023\/01\/4-2-1536x1090.png 1536w, https:\/\/www.entrearteycultura.es\/wp-content\/uploads\/2023\/01\/4-2-85x60.png 85w, https:\/\/www.entrearteycultura.es\/wp-content\/uploads\/2023\/01\/4-2.png 1748w\" sizes=\"(max-width: 800px) 100vw, 800px\" \/>\t\t\t\t\t\t\t\t<\/a>\n\t\t\t\t\t\t\t\t\t\t\t\t\t\t\t<\/div>\n\t\t\t\t<\/div>\n\t\t\t\t\t<\/div>\n\t\t<\/div>\n\t\t\t\t<div class=\"elementor-column elementor-col-50 elementor-top-column elementor-element elementor-element-e460231\" data-id=\"e460231\" data-element_type=\"column\" data-e-type=\"column\">\n\t\t\t<div class=\"elementor-widget-wrap elementor-element-populated\">\n\t\t\t\t\t\t<div class=\"elementor-element elementor-element-bcaee00 elementor-widget elementor-widget-image\" data-id=\"bcaee00\" data-element_type=\"widget\" data-e-type=\"widget\" data-widget_type=\"image.default\">\n\t\t\t\t<div class=\"elementor-widget-container\">\n\t\t\t\t\t\t\t\t\t\t\t\t\t\t\t\t<a href=\"http:\/\/www.entrearteycultura.es\/viajes-entrearte\">\n\t\t\t\t\t\t\t<img loading=\"lazy\" decoding=\"async\" width=\"1748\" height=\"1240\" src=\"https:\/\/www.entrearteycultura.es\/wp-content\/uploads\/2023\/01\/2.png\" class=\"attachment-full size-full wp-image-157\" alt=\"\" srcset=\"https:\/\/www.entrearteycultura.es\/wp-content\/uploads\/2023\/01\/2.png 1748w, https:\/\/www.entrearteycultura.es\/wp-content\/uploads\/2023\/01\/2-300x213.png 300w, https:\/\/www.entrearteycultura.es\/wp-content\/uploads\/2023\/01\/2-1024x726.png 1024w, https:\/\/www.entrearteycultura.es\/wp-content\/uploads\/2023\/01\/2-768x545.png 768w, https:\/\/www.entrearteycultura.es\/wp-content\/uploads\/2023\/01\/2-1536x1090.png 1536w, https:\/\/www.entrearteycultura.es\/wp-content\/uploads\/2023\/01\/2-85x60.png 85w\" sizes=\"(max-width: 1748px) 100vw, 1748px\" \/>\t\t\t\t\t\t\t\t<\/a>\n\t\t\t\t\t\t\t\t\t\t\t\t\t\t\t<\/div>\n\t\t\t\t<\/div>\n\t\t\t\t\t<\/div>\n\t\t<\/div>\n\t\t\t\t\t<\/div>\n\t\t<\/section>\n\t\t\t\t<section class=\"elementor-section elementor-top-section elementor-element elementor-element-25ab64ad elementor-section-boxed elementor-section-height-default elementor-section-height-default\" data-id=\"25ab64ad\" data-element_type=\"section\" data-e-type=\"section\">\n\t\t\t\t\t\t<div class=\"elementor-container elementor-column-gap-default\">\n\t\t\t\t\t<div class=\"elementor-column elementor-col-100 elementor-top-column elementor-element elementor-element-54127910\" data-id=\"54127910\" data-element_type=\"column\" data-e-type=\"column\">\n\t\t\t<div class=\"elementor-widget-wrap elementor-element-populated\">\n\t\t\t\t\t\t<div class=\"elementor-element elementor-element-3a387a9e elementor-widget elementor-widget-text-editor\" data-id=\"3a387a9e\" data-element_type=\"widget\" data-e-type=\"widget\" data-widget_type=\"text-editor.default\">\n\t\t\t\t<div class=\"elementor-widget-container\">\n\t\t\t\t\t\t\t\t\t<p><\/p>\n<p>Somos profesionales con larga experiencia en la gesti\u00f3n cultural, organizaci\u00f3n de viajes y eventos as\u00ed como en el mercado del arte y la ense\u00f1anza.<\/p>\n<p>Estamos implicadas en la difusi\u00f3n del patrimonio hist\u00f3rico-art\u00edstico de nuestro pa\u00eds y su vinculaci\u00f3n con las artes visuales internacionales.<\/p>\n<p><\/p>\t\t\t\t\t\t\t\t<\/div>\n\t\t\t\t<\/div>\n\t\t\t\t\t<\/div>\n\t\t<\/div>\n\t\t\t\t\t<\/div>\n\t\t<\/section>\n\t\t\t\t<section class=\"elementor-section elementor-top-section elementor-element elementor-element-153678b elementor-section-boxed elementor-section-height-default elementor-section-height-default\" data-id=\"153678b\" data-element_type=\"section\" data-e-type=\"section\">\n\t\t\t\t\t\t<div class=\"elementor-container elementor-column-gap-default\">\n\t\t\t\t\t<div class=\"elementor-column elementor-col-100 elementor-top-column elementor-element elementor-element-337ced3\" data-id=\"337ced3\" data-element_type=\"column\" data-e-type=\"column\">\n\t\t\t<div class=\"elementor-widget-wrap elementor-element-populated\">\n\t\t\t\t\t\t<div class=\"elementor-element elementor-element-b24e9da elementor-widget-divider--view-line elementor-widget elementor-widget-divider\" data-id=\"b24e9da\" data-element_type=\"widget\" data-e-type=\"widget\" data-widget_type=\"divider.default\">\n\t\t\t\t<div class=\"elementor-widget-container\">\n\t\t\t\t\t\t\t<div class=\"elementor-divider\">\n\t\t\t<span class=\"elementor-divider-separator\">\n\t\t\t\t\t\t<\/span>\n\t\t<\/div>\n\t\t\t\t\t\t<\/div>\n\t\t\t\t<\/div>\n\t\t\t\t<div class=\"elementor-element elementor-element-046158e elementor-widget elementor-widget-rt-testimonial-slider\" data-id=\"046158e\" data-element_type=\"widget\" data-e-type=\"widget\" data-widget_type=\"rt-testimonial-slider.default\">\n\t\t\t\t<div class=\"elementor-widget-container\">\n\t\t\t\t\t<div class='rt-container-fluid tss-wrapper' id='tss-container-4107863865' data-layout='carousel3' data-desktop-col='2' data-tab-col='2' data-mobile-col='1'><div data-title='Loading ...' class='rt-row tss-carousel3 tss-even tss-pre-loader'><div class=\"carousel-wrapper\"><div class='tss-carousel swiper' data-loop='false' data-items-desktop='2' data-items-tab='2' data-items-mobile='1' data-autoplay='true' data-autoplay-timeout='5000' data-autoplay-hover-pause='true' data-dots='true' data-nav='true' data-lazy-load='false' data-auto-height='false' data-smart-speed='2000'><div class=\"swiper-wrapper\"><div class='rt-col-md-12 rt-col-sm-12 rt-col-xs-12 even-grid-item tss-grid-item slide-item swiper-slide even-grid-item'><div class=\"single-item-wrapper\"><div class=\"tss-meta-info\"><\/div><div class=\"rating-wrapper\"><span data-star='1' class='star-1 dashicons dashicons-star-filled' aria-hidden='true'><\/span><span data-star='2' class='star-2 dashicons dashicons-star-filled' aria-hidden='true'><\/span><span data-star='3' class='star-3 dashicons dashicons-star-filled' aria-hidden='true'><\/span><span data-star='4' class='star-4 dashicons dashicons-star-filled' aria-hidden='true'><\/span><span data-star='5' class='star-5 dashicons dashicons-star-filled' aria-hidden='true'><\/span><\/div><h3 class='author-name'>Visitas a Madrid<\/h3><h4 class=\"author-bio\"><span class='author-designation'>M.M.<\/span><\/h4><div class=\"item-content-wrapper\"><div class='item-content'>Me encanta revisitar algunos lugares de Madrid, descubrir\r\nalgunos que nunca imagin\u00e9 y acceder a otros nuevos, con la organizaci\u00f3n perfecta de Entre\r\nArte<\/div><\/div><\/div><\/div><div class='rt-col-md-12 rt-col-sm-12 rt-col-xs-12 even-grid-item tss-grid-item slide-item swiper-slide even-grid-item'><div class=\"single-item-wrapper\"><div class=\"tss-meta-info\"><\/div><div class=\"rating-wrapper\"><span data-star='1' class='star-1 dashicons dashicons-star-filled' aria-hidden='true'><\/span><span data-star='2' class='star-2 dashicons dashicons-star-filled' aria-hidden='true'><\/span><span data-star='3' class='star-3 dashicons dashicons-star-filled' aria-hidden='true'><\/span><span data-star='4' class='star-4 dashicons dashicons-star-filled' aria-hidden='true'><\/span><span data-star='5' class='star-5 dashicons dashicons-star-filled' aria-hidden='true'><\/span><\/div><h3 class='author-name'>Conferencia<\/h3><h4 class=\"author-bio\"><span class='author-designation'>I.L.<\/span><\/h4><div class=\"item-content-wrapper\"><div class='item-content'><p>Da gusto asistir a estas sesiones de temas diversos pero llenas de<br \/>\npasi\u00f3n y entusiasmo por parte de los ponentes. Aprendo much\u00edsimo de todas ellas<\/p>\n<\/div><\/div><\/div><\/div><div class='rt-col-md-12 rt-col-sm-12 rt-col-xs-12 even-grid-item tss-grid-item slide-item swiper-slide even-grid-item'><div class=\"single-item-wrapper\"><div class=\"tss-meta-info\"><\/div><div class=\"rating-wrapper\"><span data-star='1' class='star-1 dashicons dashicons-star-filled' aria-hidden='true'><\/span><span data-star='2' class='star-2 dashicons dashicons-star-filled' aria-hidden='true'><\/span><span data-star='3' class='star-3 dashicons dashicons-star-filled' aria-hidden='true'><\/span><span data-star='4' class='star-4 dashicons dashicons-star-filled' aria-hidden='true'><\/span><span data-star='5' class='star-5 dashicons dashicons-star-filled' aria-hidden='true'><\/span><\/div><h3 class='author-name'>Viaje a \u00dabeda y Baeza<\/h3><h4 class=\"author-bio\"><span class='author-designation'>M.L.A.<\/span><\/h4><div class=\"item-content-wrapper\"><div class='item-content'><p>Lo hemos pasado fenomenal, Un grupo estupendo y<br \/>\nvosotras lo hab\u00e9is organizado de maravilla. Repetiremos seguro<\/p>\n<\/div><\/div><\/div><\/div><div class='rt-col-md-12 rt-col-sm-12 rt-col-xs-12 even-grid-item tss-grid-item slide-item swiper-slide even-grid-item'><div class=\"single-item-wrapper\"><div class=\"tss-meta-info\"><\/div><div class=\"rating-wrapper\"><span data-star='1' class='star-1 dashicons dashicons-star-filled' aria-hidden='true'><\/span><span data-star='2' class='star-2 dashicons dashicons-star-filled' aria-hidden='true'><\/span><span data-star='3' class='star-3 dashicons dashicons-star-filled' aria-hidden='true'><\/span><span data-star='4' class='star-4 dashicons dashicons-star-filled' aria-hidden='true'><\/span><span data-star='5' class='star-5 dashicons dashicons-star-filled' aria-hidden='true'><\/span><\/div><h3 class='author-name'>Escapada a Guadalajara<\/h3><h4 class=\"author-bio\"><span class='author-designation'>M.A.<\/span><\/h4><div class=\"item-content-wrapper\"><div class='item-content'><p>Este fin de semana he dicho que he estado en los palacios<br \/>\nitalianos de Guadalajara. \u00a1Qu\u00e9 sorpresa y qu\u00e9 maravilla de visitas!<\/p>\n<\/div><\/div><\/div><\/div><div class='rt-col-md-12 rt-col-sm-12 rt-col-xs-12 even-grid-item tss-grid-item slide-item swiper-slide even-grid-item'><div class=\"single-item-wrapper\"><div class=\"tss-meta-info\"><\/div><div class=\"rating-wrapper\"><span data-star='1' class='star-1 dashicons dashicons-star-filled' aria-hidden='true'><\/span><span data-star='2' class='star-2 dashicons dashicons-star-filled' aria-hidden='true'><\/span><span data-star='3' class='star-3 dashicons dashicons-star-filled' aria-hidden='true'><\/span><span data-star='4' class='star-4 dashicons dashicons-star-filled' aria-hidden='true'><\/span><span data-star='5' class='star-5 dashicons dashicons-star-filled' aria-hidden='true'><\/span><\/div><h3 class='author-name'>Cata de Tomates<\/h3><h4 class=\"author-bio\"><span class='author-designation'>R.F.<\/span><\/h4><div class=\"item-content-wrapper\"><div class='item-content'><p>\u201cMenuda experiencia y qu\u00e9 momentos tan divertidos haciendo algo<br \/>\nque nunca imagin\u00e9. Y adem\u00e1s he aprendido a degustar y diferenciar los tomates. \u00a1Qu\u00e9 m\u00e1s<br \/>\nse puede pedir!\u201d<\/p>\n<\/div><\/div><\/div><\/div><div class='rt-col-md-12 rt-col-sm-12 rt-col-xs-12 even-grid-item tss-grid-item slide-item swiper-slide even-grid-item'><div class=\"single-item-wrapper\"><div class=\"tss-meta-info\"><\/div><div class=\"rating-wrapper\"><span data-star='1' class='star-1 dashicons dashicons-star-filled' aria-hidden='true'><\/span><span data-star='2' class='star-2 dashicons dashicons-star-filled' aria-hidden='true'><\/span><span data-star='3' class='star-3 dashicons dashicons-star-filled' aria-hidden='true'><\/span><span data-star='4' class='star-4 dashicons dashicons-star-filled' aria-hidden='true'><\/span><span data-star='5' class='star-5 dashicons dashicons-star-filled' aria-hidden='true'><\/span><\/div><h3 class='author-name'>Viaje a Tur\u00edn<\/h3><h4 class=\"author-bio\"><span class='author-designation'>G.P.<\/span><\/h4><div class=\"item-content-wrapper\"><div class='item-content'><p>\u201cMe encant\u00f3 Tur\u00edn. Italia siempre es belleza, mires donde mires. EL<br \/>\nviaje estupendo y me encanta viajar con vosotras\u201d.<\/p>\n<\/div><\/div><\/div><\/div><\/div><div class=\"swiper-arrow swiper-button-next\"><i class=\"rttss-right-open\"><\/i><\/div><div class=\"swiper-arrow swiper-button-prev\"><i class=\"rttss-left-open\"><\/i><\/div><div class=\"swiper-pagination\"><\/div><\/div><\/div><div class=\"rt-loading-overlay\"><\/div><div class=\"rt-loading rt-ball-clip-rotate\"><div><\/div><\/div><\/div><\/div>\t\t\t\t<\/div>\n\t\t\t\t<\/div>\n\t\t\t\t\t<\/div>\n\t\t<\/div>\n\t\t\t\t\t<\/div>\n\t\t<\/section>\n\t\t\t\t<\/div>\n\t\t","protected":false},"excerpt":{"rendered":"<p>Somos profesionales con larga experiencia en la gesti\u00f3n cultural, organizaci\u00f3n de viajes y eventos as\u00ed como en el mercado del arte y la ense\u00f1anza. Estamos implicadas en la difusi\u00f3n del patrimonio hist\u00f3rico-art\u00edstico de nuestro pa\u00eds y su vinculaci\u00f3n con las artes visuales internacionales. Visitas a Madrid M.M. Me encanta revisitar algunos lugares de Madrid, descubrir [&hellip;]<\/p>\n","protected":false},"author":1,"featured_media":0,"parent":0,"menu_order":0,"comment_status":"closed","ping_status":"open","template":"","meta":{"footnotes":""},"class_list":["post-2","page","type-page","status-publish","hentry"],"yoast_head":"<!-- This site is optimized with the Yoast SEO plugin v27.5 - https:\/\/yoast.com\/product\/yoast-seo-wordpress\/ -->\n<title>Inicio - Entre Arte y cultura<\/title>\n<meta name=\"robots\" content=\"index, follow, max-snippet:-1, max-image-preview:large, max-video-preview:-1\" \/>\n<link rel=\"canonical\" href=\"https:\/\/www.entrearteycultura.es\/\" \/>\n<meta property=\"og:locale\" content=\"en_US\" \/>\n<meta property=\"og:type\" content=\"article\" \/>\n<meta property=\"og:title\" content=\"Inicio - Entre Arte y cultura\" \/>\n<meta property=\"og:description\" content=\"Somos profesionales con larga experiencia en la gesti\u00f3n cultural, organizaci\u00f3n de viajes y eventos as\u00ed como en el mercado del arte y la ense\u00f1anza. Estamos implicadas en la difusi\u00f3n del patrimonio hist\u00f3rico-art\u00edstico de nuestro pa\u00eds y su vinculaci\u00f3n con las artes visuales internacionales. Visitas a Madrid M.M. Me encanta revisitar algunos lugares de Madrid, descubrir [&hellip;]\" \/>\n<meta property=\"og:url\" content=\"https:\/\/www.entrearteycultura.es\/\" \/>\n<meta property=\"og:site_name\" content=\"Entre Arte y cultura\" \/>\n<meta property=\"article:modified_time\" content=\"2023-01-09T13:42:17+00:00\" \/>\n<meta property=\"og:image\" content=\"http:\/\/www.entrearteycultura.es\/wp-content\/uploads\/2023\/01\/3-1024x726.png\" \/>\n<meta name=\"twitter:card\" content=\"summary_large_image\" \/>\n<meta name=\"twitter:label1\" content=\"Est. reading time\" \/>\n\t<meta name=\"twitter:data1\" content=\"2 minutes\" \/>\n<script type=\"application\/ld+json\" class=\"yoast-schema-graph\">{\"@context\":\"https:\\\/\\\/schema.org\",\"@graph\":[{\"@type\":\"WebPage\",\"@id\":\"https:\\\/\\\/www.entrearteycultura.es\\\/\",\"url\":\"https:\\\/\\\/www.entrearteycultura.es\\\/\",\"name\":\"Inicio - Entre Arte y cultura\",\"isPartOf\":{\"@id\":\"https:\\\/\\\/www.entrearteycultura.es\\\/#website\"},\"primaryImageOfPage\":{\"@id\":\"https:\\\/\\\/www.entrearteycultura.es\\\/#primaryimage\"},\"image\":{\"@id\":\"https:\\\/\\\/www.entrearteycultura.es\\\/#primaryimage\"},\"thumbnailUrl\":\"http:\\\/\\\/www.entrearteycultura.es\\\/wp-content\\\/uploads\\\/2023\\\/01\\\/3-1024x726.png\",\"datePublished\":\"2022-12-18T10:02:21+00:00\",\"dateModified\":\"2023-01-09T13:42:17+00:00\",\"breadcrumb\":{\"@id\":\"https:\\\/\\\/www.entrearteycultura.es\\\/#breadcrumb\"},\"inLanguage\":\"en-US\",\"potentialAction\":[{\"@type\":\"ReadAction\",\"target\":[\"https:\\\/\\\/www.entrearteycultura.es\\\/\"]}]},{\"@type\":\"ImageObject\",\"inLanguage\":\"en-US\",\"@id\":\"https:\\\/\\\/www.entrearteycultura.es\\\/#primaryimage\",\"url\":\"https:\\\/\\\/www.entrearteycultura.es\\\/wp-content\\\/uploads\\\/2023\\\/01\\\/3.png\",\"contentUrl\":\"https:\\\/\\\/www.entrearteycultura.es\\\/wp-content\\\/uploads\\\/2023\\\/01\\\/3.png\",\"width\":1748,\"height\":1240},{\"@type\":\"BreadcrumbList\",\"@id\":\"https:\\\/\\\/www.entrearteycultura.es\\\/#breadcrumb\",\"itemListElement\":[{\"@type\":\"ListItem\",\"position\":1,\"name\":\"Portada\",\"item\":\"https:\\\/\\\/www.entrearteycultura.es\\\/\"},{\"@type\":\"ListItem\",\"position\":2,\"name\":\"Inicio\"}]},{\"@type\":\"WebSite\",\"@id\":\"https:\\\/\\\/www.entrearteycultura.es\\\/#website\",\"url\":\"https:\\\/\\\/www.entrearteycultura.es\\\/\",\"name\":\"Entre Arte y cultura\",\"description\":\"Viajes, eventos cuturales, conferencias y tertulias\",\"potentialAction\":[{\"@type\":\"SearchAction\",\"target\":{\"@type\":\"EntryPoint\",\"urlTemplate\":\"https:\\\/\\\/www.entrearteycultura.es\\\/?s={search_term_string}\"},\"query-input\":{\"@type\":\"PropertyValueSpecification\",\"valueRequired\":true,\"valueName\":\"search_term_string\"}}],\"inLanguage\":\"en-US\"}]}<\/script>\n<!-- \/ Yoast SEO plugin. -->","yoast_head_json":{"title":"Inicio - Entre Arte y cultura","robots":{"index":"index","follow":"follow","max-snippet":"max-snippet:-1","max-image-preview":"max-image-preview:large","max-video-preview":"max-video-preview:-1"},"canonical":"https:\/\/www.entrearteycultura.es\/","og_locale":"en_US","og_type":"article","og_title":"Inicio - Entre Arte y cultura","og_description":"Somos profesionales con larga experiencia en la gesti\u00f3n cultural, organizaci\u00f3n de viajes y eventos as\u00ed como en el mercado del arte y la ense\u00f1anza. Estamos implicadas en la difusi\u00f3n del patrimonio hist\u00f3rico-art\u00edstico de nuestro pa\u00eds y su vinculaci\u00f3n con las artes visuales internacionales. Visitas a Madrid M.M. Me encanta revisitar algunos lugares de Madrid, descubrir [&hellip;]","og_url":"https:\/\/www.entrearteycultura.es\/","og_site_name":"Entre Arte y cultura","article_modified_time":"2023-01-09T13:42:17+00:00","og_image":[{"url":"http:\/\/www.entrearteycultura.es\/wp-content\/uploads\/2023\/01\/3-1024x726.png","type":"","width":"","height":""}],"twitter_card":"summary_large_image","twitter_misc":{"Est. reading time":"2 minutes"},"schema":{"@context":"https:\/\/schema.org","@graph":[{"@type":"WebPage","@id":"https:\/\/www.entrearteycultura.es\/","url":"https:\/\/www.entrearteycultura.es\/","name":"Inicio - Entre Arte y cultura","isPartOf":{"@id":"https:\/\/www.entrearteycultura.es\/#website"},"primaryImageOfPage":{"@id":"https:\/\/www.entrearteycultura.es\/#primaryimage"},"image":{"@id":"https:\/\/www.entrearteycultura.es\/#primaryimage"},"thumbnailUrl":"http:\/\/www.entrearteycultura.es\/wp-content\/uploads\/2023\/01\/3-1024x726.png","datePublished":"2022-12-18T10:02:21+00:00","dateModified":"2023-01-09T13:42:17+00:00","breadcrumb":{"@id":"https:\/\/www.entrearteycultura.es\/#breadcrumb"},"inLanguage":"en-US","potentialAction":[{"@type":"ReadAction","target":["https:\/\/www.entrearteycultura.es\/"]}]},{"@type":"ImageObject","inLanguage":"en-US","@id":"https:\/\/www.entrearteycultura.es\/#primaryimage","url":"https:\/\/www.entrearteycultura.es\/wp-content\/uploads\/2023\/01\/3.png","contentUrl":"https:\/\/www.entrearteycultura.es\/wp-content\/uploads\/2023\/01\/3.png","width":1748,"height":1240},{"@type":"BreadcrumbList","@id":"https:\/\/www.entrearteycultura.es\/#breadcrumb","itemListElement":[{"@type":"ListItem","position":1,"name":"Portada","item":"https:\/\/www.entrearteycultura.es\/"},{"@type":"ListItem","position":2,"name":"Inicio"}]},{"@type":"WebSite","@id":"https:\/\/www.entrearteycultura.es\/#website","url":"https:\/\/www.entrearteycultura.es\/","name":"Entre Arte y cultura","description":"Viajes, eventos cuturales, conferencias y tertulias","potentialAction":[{"@type":"SearchAction","target":{"@type":"EntryPoint","urlTemplate":"https:\/\/www.entrearteycultura.es\/?s={search_term_string}"},"query-input":{"@type":"PropertyValueSpecification","valueRequired":true,"valueName":"search_term_string"}}],"inLanguage":"en-US"}]}},"_links":{"self":[{"href":"https:\/\/www.entrearteycultura.es\/index.php?rest_route=\/wp\/v2\/pages\/2","targetHints":{"allow":["GET"]}}],"collection":[{"href":"https:\/\/www.entrearteycultura.es\/index.php?rest_route=\/wp\/v2\/pages"}],"about":[{"href":"https:\/\/www.entrearteycultura.es\/index.php?rest_route=\/wp\/v2\/types\/page"}],"author":[{"embeddable":true,"href":"https:\/\/www.entrearteycultura.es\/index.php?rest_route=\/wp\/v2\/users\/1"}],"replies":[{"embeddable":true,"href":"https:\/\/www.entrearteycultura.es\/index.php?rest_route=%2Fwp%2Fv2%2Fcomments&post=2"}],"version-history":[{"count":1,"href":"https:\/\/www.entrearteycultura.es\/index.php?rest_route=\/wp\/v2\/pages\/2\/revisions"}],"predecessor-version":[{"id":417,"href":"https:\/\/www.entrearteycultura.es\/index.php?rest_route=\/wp\/v2\/pages\/2\/revisions\/417"}],"wp:attachment":[{"href":"https:\/\/www.entrearteycultura.es\/index.php?rest_route=%2Fwp%2Fv2%2Fmedia&parent=2"}],"curies":[{"name":"wp","href":"https:\/\/api.w.org\/{rel}","templated":true}]}}